{"id":20,"date":"2023-09-26T11:30:20","date_gmt":"2023-09-26T09:30:20","guid":{"rendered":"https:\/\/daofest.world\/?page_id=20"},"modified":"2023-09-28T17:15:32","modified_gmt":"2023-09-28T15:15:32","slug":"presse","status":"publish","type":"page","link":"https:\/\/daofest.world\/index.php\/presse\/","title":{"rendered":"Presse"},"content":{"rendered":"\n<h2 class=\"wp-block-heading\">DAOFest Marseille : Une R\u00e9volution de la Gouvernance D\u00e9centralis\u00e9e dans le Sud de la France<\/h2>\n\n\n\n<p><em>Marseille, France &#8211; [23 juin 2023]<\/em><\/p>\n\n\n\n<p>DAOFest Marseille a r\u00e9uni plus de 50 participants et plus de 10 intervenants pour r\u00e9inventer le format des Barcamp, d\u00e9montrant ainsi le potentiel de la gouvernance d\u00e9centralis\u00e9e \u00e0 travers la technologie blockchain. Cet \u00e9v\u00e9nement a \u00e9t\u00e9 une exp\u00e9rience audacieuse qui a explor\u00e9 des concepts allant de la souverainet\u00e9 \u00e0 la d\u00e9construction po\u00e9tique de la soci\u00e9t\u00e9, suscitant une r\u00e9flexion profonde sur le monde qui nous entoure.<\/p>\n\n\n\n<p><strong>Nicolas Bermond<\/strong>, l&rsquo;initiateur de cet \u00e9v\u00e9nement, a exprim\u00e9 sa satisfaction quant au format innovant de DAOFest Marseille et aux interactions fructueuses qui en ont r\u00e9sult\u00e9. L&rsquo;\u00e9v\u00e9nement a os\u00e9 aborder des sujets de gouvernance radicale, en mettant l&rsquo;accent sur les DAO (Organisations Autonomes D\u00e9centralis\u00e9es), qui offrent de nouvelles perspectives sur la fa\u00e7on dont les organisations, les institutions et les communaut\u00e9s peuvent \u00eatre g\u00e9r\u00e9es.<\/p>\n\n\n\n<p>\u00ab\u00a0Je pense que nous avons cr\u00e9\u00e9 une base solide pour une DAO qui ne se limite pas \u00e0 une micronation, mais qui peut s&rsquo;adapter \u00e0 une vari\u00e9t\u00e9 de contextes. Les besoins de changement de gouvernance dans nos soci\u00e9t\u00e9s semblent infinis, que ce soit au sein des organisations, des institutions ou des communaut\u00e9s\u00a0\u00bb, a d\u00e9clar\u00e9 Nicolas Bermond. Il a \u00e9galement annonc\u00e9 que d&rsquo;autres villes, dont Biarritz et Nice, expriment d\u00e9j\u00e0 leur int\u00e9r\u00eat pour accueillir des \u00e9ditions de DAOFest.<\/p>\n\n\n\n<p>Une caract\u00e9ristique unique des futurs \u00e9v\u00e9nements DAOFest sera que ce sont les DAO elles-m\u00eames qui organiseront ces rencontres, offrant ainsi une exp\u00e9rience doublement exp\u00e9rimentale.<\/p>\n\n\n\n<p>Parmi les remerciements sp\u00e9ciaux, Nicolas Bermond a salu\u00e9 le soutien infaillible de <strong>Hayat Outahar<\/strong>, la collaboration sur la DAO des \u00eeles Bermond avec <strong>Jules Foa<\/strong>, l&rsquo;expertise pr\u00e9visionnelle de <strong>Fabrice Epelboin<\/strong>, la pr\u00e9sence constante de <strong>Thibaut Brousse<\/strong>, et la contribution de <strong>Susanne Tarkowski Tempelhof<\/strong> avec la mascotte Khao Dog, parmi d&rsquo;autres.<\/p>\n\n\n\n<p>L&rsquo;\u00e9v\u00e9nement a \u00e9galement \u00e9t\u00e9 marqu\u00e9 par la participation de <strong>Pierre NORO<\/strong>, expert en blockchain democracy, et <strong>Julien Bonnel<\/strong>, qui a partag\u00e9 des connaissances sur les exp\u00e9rimentations blockchain en PACA.<\/p>\n\n\n\n<p>Nicolas Bermond a conclu en exprimant sa gratitude envers les nombreux collaborateurs, partenaires et participants qui ont contribu\u00e9 au succ\u00e8s de DAOFest Marseille, notamment <strong>Axelle Benaich<\/strong> et toute l&rsquo;\u00e9quipe de La Fabulerie, l&rsquo;endroit magique qui a accueilli l&rsquo;\u00e9v\u00e9nement.<\/p>\n\n\n\n<p>\u00ab\u00a0La DAO des \u00eeles Bermond est d\u00e9sormais lanc\u00e9e, et nous pr\u00e9parons une tourn\u00e9e de #DAOFest pour pr\u00e9senter ce projet ambitieux, promouvant la neo-gouvernance et l&rsquo;open innovation dans les organisations. N&rsquo;h\u00e9sitez pas \u00e0 nous contacter pour plus d&rsquo;informations\u00a0\u00bb, a d\u00e9clar\u00e9 Nicolas Bermond.<\/p>\n\n\n\n<p><strong>\u00c0 propos de la DAO des \u00eeles Bermond :<\/strong> La DAO des \u00eeles Bermond est un projet collectif ax\u00e9 sur le d\u00e9veloppement local qui cherche \u00e0 avoir un impact positif sur la soci\u00e9t\u00e9 en mettant en commun un r\u00e9seau de ressources. Elle fonctionne comme un club, un acc\u00e9l\u00e9rateur, et un espace de prototypage, ax\u00e9 sur la r\u00e9ciprocit\u00e9 du travail et pilot\u00e9 par la communaut\u00e9.<\/p>\n\n\n\n<p>Pour plus d&rsquo;informations, contactez :<\/p>\n\n\n\n<p>Nicolas Bermond : nicolas2fr sur gmail !<\/p>\n\n\n\n<p>X : @\u00eelesBermond<\/p>\n\n\n\n<figure class=\"wp-block-image size-large\"><img loading=\"lazy\" decoding=\"async\" width=\"1024\" height=\"768\" src=\"https:\/\/daofest.world\/wp-content\/uploads\/2023\/09\/IMG_8703-1024x768.jpeg\" alt=\"\" class=\"wp-image-44\" srcset=\"https:\/\/daofest.world\/wp-content\/uploads\/2023\/09\/IMG_8703-1024x768.jpeg 1024w, https:\/\/daofest.world\/wp-content\/uploads\/2023\/09\/IMG_8703-300x225.jpeg 300w, https:\/\/daofest.world\/wp-content\/uploads\/2023\/09\/IMG_8703-768x576.jpeg 768w, https:\/\/daofest.world\/wp-content\/uploads\/2023\/09\/IMG_8703.jpeg 1280w\" sizes=\"auto, (max-width: 1024px) 100vw, 1024px\" \/><\/figure>\n\n\n\n<p>Pour plus d\u2019informations, rejoignez nous <a href=\"https:\/\/t.me\/+FjKeACYLca9jOGZk\">https:\/\/t.me\/+FjKeACYLca9jOGZk<\/a><\/p>\n","protected":false},"excerpt":{"rendered":"<p>DAOFest Marseille : Une R\u00e9volution de la Gouvernance D\u00e9centralis\u00e9e dans le Sud de la France Marseille, France &#8211; [23 juin 2023] DAOFest Marseille a r\u00e9uni plus de 50 participants et plus de 10 intervenants pour r\u00e9inventer le format des Barcamp, d\u00e9montrant ainsi le potentiel de la gouvernance d\u00e9centralis\u00e9e \u00e0 travers la technologie blockchain. Cet \u00e9v\u00e9nement [&hellip;]<\/p>\n","protected":false},"author":1,"featured_media":0,"parent":0,"menu_order":0,"comment_status":"closed","ping_status":"closed","template":"","meta":{"footnotes":""},"class_list":["post-20","page","type-page","status-publish","hentry"],"_links":{"self":[{"href":"https:\/\/daofest.world\/index.php\/wp-json\/wp\/v2\/pages\/20","targetHints":{"allow":["GET"]}}],"collection":[{"href":"https:\/\/daofest.world\/index.php\/wp-json\/wp\/v2\/pages"}],"about":[{"href":"https:\/\/daofest.world\/index.php\/wp-json\/wp\/v2\/types\/page"}],"author":[{"embeddable":true,"href":"https:\/\/daofest.world\/index.php\/wp-json\/wp\/v2\/users\/1"}],"replies":[{"embeddable":true,"href":"https:\/\/daofest.world\/index.php\/wp-json\/wp\/v2\/comments?post=20"}],"version-history":[{"count":6,"href":"https:\/\/daofest.world\/index.php\/wp-json\/wp\/v2\/pages\/20\/revisions"}],"predecessor-version":[{"id":52,"href":"https:\/\/daofest.world\/index.php\/wp-json\/wp\/v2\/pages\/20\/revisions\/52"}],"wp:attachment":[{"href":"https:\/\/daofest.world\/index.php\/wp-json\/wp\/v2\/media?parent=20"}],"curies":[{"name":"wp","href":"https:\/\/api.w.org\/{rel}","templated":true}]}}